{"id":28,"date":"2015-04-21T18:18:34","date_gmt":"2015-04-21T18:18:34","guid":{"rendered":"http:\/\/www.hoplawego.com\/blog\/?page_id=28"},"modified":"2023-10-30T13:16:42","modified_gmt":"2023-10-30T17:16:42","slug":"contact","status":"publish","type":"page","link":"https:\/\/www.hoplawego.com\/blog\/contact\/","title":{"rendered":"Contact"},"content":{"rendered":"<p>&nbsp;<\/p>\n<h2>J&rsquo;habite&#8230;<\/h2>\n<p>Montr\u00e9al<br \/>\nQu\u00e9bec, Canada<br \/>\nH2E 1W6<\/p>\n<p>&nbsp;<\/p>\n<h2>On me croise:<\/h2>\n<p>Sur tous les r\u00e9seaux sociaux (voir la barre du haut)<\/p>\n<p>et au: <a href=\"mailto:info@hoplawego.com\">info@hoplawego.com<\/a><\/p>\n<p>&nbsp;<\/p>\n<h2>Je me d\u00e9place:<\/h2>\n<p>Partout au Canada et aux \u00c9tats-Unis<\/p>\n<p>&nbsp;<\/p>\n","protected":false},"excerpt":{"rendered":"<p>&nbsp; J&rsquo;habite&#8230; Montr\u00e9al Qu\u00e9bec, Canada H2E 1W6 &nbsp; On me croise: Sur tous les r\u00e9seaux sociaux (voir la barre du haut) et au: info@hoplawego.com &nbsp; Je me d\u00e9place: Partout au Canada et aux \u00c9tats-Unis &nbsp;<\/p>\n","protected":false},"author":1,"featured_media":0,"parent":0,"menu_order":0,"comment_status":"closed","ping_status":"open","template":"","meta":{"footnotes":""},"class_list":["post-28","page","type-page","status-publish","hentry","grid-sizer"],"_links":{"self":[{"href":"https:\/\/www.hoplawego.com\/blog\/wp-json\/wp\/v2\/pages\/28","targetHints":{"allow":["GET"]}}],"collection":[{"href":"https:\/\/www.hoplawego.com\/blog\/wp-json\/wp\/v2\/pages"}],"about":[{"href":"https:\/\/www.hoplawego.com\/blog\/wp-json\/wp\/v2\/types\/page"}],"author":[{"embeddable":true,"href":"https:\/\/www.hoplawego.com\/blog\/wp-json\/wp\/v2\/users\/1"}],"replies":[{"embeddable":true,"href":"https:\/\/www.hoplawego.com\/blog\/wp-json\/wp\/v2\/comments?post=28"}],"version-history":[{"count":4,"href":"https:\/\/www.hoplawego.com\/blog\/wp-json\/wp\/v2\/pages\/28\/revisions"}],"predecessor-version":[{"id":197,"href":"https:\/\/www.hoplawego.com\/blog\/wp-json\/wp\/v2\/pages\/28\/revisions\/197"}],"wp:attachment":[{"href":"https:\/\/www.hoplawego.com\/blog\/wp-json\/wp\/v2\/media?parent=28"}],"curies":[{"name":"wp","href":"https:\/\/api.w.org\/{rel}","templated":true}]}}