{"id":24,"date":"2015-04-21T18:18:06","date_gmt":"2015-04-21T18:18:06","guid":{"rendered":"http:\/\/www.hoplawego.com\/blog\/?page_id=24"},"modified":"2025-06-30T09:19:31","modified_gmt":"2025-06-30T13:19:31","slug":"accueil","status":"publish","type":"page","link":"https:\/\/www.hoplawego.com\/blog\/accueil\/","title":{"rendered":"\u00c0 Propos"},"content":{"rendered":"<div class=\"col-lg-4 col-lg-offset-2\">\n<p data-start=\"136\" data-end=\"464\">Ce site, c\u2019est un gros <strong data-start=\"159\" data-end=\"193\">\u00ab fuck off \u00bb au flou financier<\/strong> dans lequel on nous maintient depuis qu\u2019on est jeunes. On nous apprend \u00e0 faire des CV pis \u00e0 <strong data-start=\"286\" data-end=\"318\">remplir nos cartes de cr\u00e9dit sans \u00eatre capable de les rembourser<\/strong>, mais pas \u00e0 g\u00e9rer notre argent. \u00c7a fait que j\u2019ai d\u00e9cid\u00e9 de creuser, pis de partager ce que je trouve. Brutalement. Sans flafla. Sans pitch de vente.<\/p>\n<p data-start=\"466\" data-end=\"724\">Chu <strong data-start=\"474\" data-end=\"505\">pas un planificateur financier<\/strong>, <strong data-start=\"507\" data-end=\"525\">pas un fiscaliste<\/strong>, <strong data-start=\"527\" data-end=\"556\">pas un conseiller r\u00e9glement\u00e9, nope.<\/strong> Je suis juste un gars qui travaille dans les TI depuis 25 ans \u2014 architecte dans de grosses bo\u00eetes \u2014 pis qui en avait plein le cul de ne pas savoir o\u00f9 allait son cash et surtout de voir que mes placements diminuaient plut\u00f4t que de grossir&#8230;<\/p>\n<p data-start=\"726\" data-end=\"1009\">Dans ma vie perso, je joue dans l\u2019<strong data-start=\"760\" data-end=\"774\">immobilier<\/strong>, les <strong data-start=\"780\" data-end=\"787\">FNB<\/strong>, les <strong data-start=\"793\" data-end=\"820\">strat\u00e9gies de rendement<\/strong>, les <strong data-start=\"826\" data-end=\"850\">dettes intelligentes<\/strong>, pis toute la patente qui peut transformer un ch\u00e8que de paie en libert\u00e9. J\u2019fais des tests, j\u2019me plante, j\u2019apprends, pis j\u2019en ressors moins cave \u00e0 chaque fois.<\/p>\n<p data-start=\"1011\" data-end=\"1365\">Ici, tu trouveras des id\u00e9es, des strat\u00e9gies, des chiffres, des opinions \u2014 <strong data-start=\"1085\" data-end=\"1111\">mais pas des conseils.<\/strong> Je le r\u00e9p\u00e8te pour les durs d\u2019oreille : <strong data-start=\"1151\" data-end=\"1193\">je ne donne pas de conseils financiers<\/strong>. Ce que tu fais avec ton argent, c\u2019est ton probl\u00e8me. Moi je fais juste documenter mon parcours, mes r\u00e9flexions, mes erreurs, mes petites victoires, pis mes grosses baffes.<\/p>\n<p data-start=\"1367\" data-end=\"1722\">Si t\u2019as envie d\u2019en apprendre plus sur la mani\u00e8re de <strong data-start=\"1419\" data-end=\"1460\">prendre le contr\u00f4le de tes finances<\/strong> sans te faire endormir par un gars en veston-cravate, t\u2019es \u00e0 la bonne place. Si t\u2019as besoin d\u2019un plan d\u2019action personnalis\u00e9, va voir un professionnel. Moi, je suis juste un gars ordinaire qui s\u2019est tann\u00e9 de faire comme tout le monde pis de finir cass\u00e9 \u00e0 65 ans.<\/p>\n<p data-start=\"1724\" data-end=\"1747\">Bienvenue dans ma t\u00eate.<\/p>\n<\/div>\n<p data-start=\"1724\" data-end=\"1747\">\u00a0<\/p>\n<p data-start=\"1724\" data-end=\"1747\">\u00a0<\/p>\n<p data-start=\"1724\" data-end=\"1747\">\u00a0<\/p>\n<h6 data-start=\"326\" data-end=\"356\">Avis de non-responsabilit\u00e9<\/h6>\n<h6 data-start=\"358\" data-end=\"650\">Les informations pr\u00e9sent\u00e9es sur ce site sont fournies \u00e0 des fins <strong data-start=\"423\" data-end=\"463\">\u00e9ducatives et informatives seulement<\/strong>. Elles repr\u00e9sentent <strong data-start=\"484\" data-end=\"513\">mes opinions personnelles<\/strong> et mon exp\u00e9rience en tant qu\u2019investisseur individuel. <strong data-start=\"568\" data-end=\"650\">Je ne suis pas un conseiller financier, fiscal, l\u00e9gal ou en placement inscrit.<\/strong><br \/><br \/><strong data-start=\"652\" data-end=\"807\">Aucune des informations pr\u00e9sent\u00e9es ici ne constitue des conseils en mati\u00e8re d\u2019investissement, de fiscalit\u00e9, d\u2019assurance ou de planification financi\u00e8re.<\/strong> Avant de prendre toute d\u00e9cision financi\u00e8re, vous devriez consulter un professionnel qualifi\u00e9 et d\u00fbment autoris\u00e9, adapt\u00e9 \u00e0 votre situation personnelle.<br \/><br \/>Je d\u00e9cline toute responsabilit\u00e9 pour les pertes ou les dommages directs ou indirects r\u00e9sultant de l\u2019utilisation ou de l\u2019interpr\u00e9tation des contenus publi\u00e9s sur ce site.<br \/><br \/>En acc\u00e9dant \u00e0 ce site, vous reconnaissez et acceptez que vous \u00eates <strong data-start=\"1197\" data-end=\"1224\">enti\u00e8rement responsable<\/strong> de vos propres d\u00e9cisions financi\u00e8res.<\/h6>\n<h6 data-start=\"44\" data-end=\"79\">Clause de non\u2011responsabilit\u00e9<\/h6>\n<h6 data-start=\"81\" data-end=\"150\"><strong data-start=\"81\" data-end=\"110\">1. Informations g\u00e9n\u00e9rales<\/strong><br data-start=\"110\" data-end=\"113\" \/><span class=\"relative -mx-px my-[-0.2rem] rounded px-px py-[0.2rem] transition-colors duration-100 ease-in-out\">Les contenus publi\u00e9s sur ce site (articles, id\u00e9es, opinions, strat\u00e9gies, analyses) sont fournis <strong data-start=\"96\" data-end=\"131\">\u00e0 des fins \u00e9ducatives seulement<\/strong> et refl\u00e8tent <strong data-start=\"145\" data-end=\"177\">mes exp\u00e9riences personnelles<\/strong>. Ils ne constituent en aucun cas des <strong data-start=\"215\" data-end=\"274\">conseils financiers, fiscaux, juridiques ou r\u00e9glement\u00e9s<\/strong>.<\/span><\/h6>\n<h6 data-start=\"152\" data-end=\"230\"><strong data-start=\"152\" data-end=\"190\">2. Pas un conseiller professionnel<\/strong><br data-start=\"190\" data-end=\"193\" \/><span class=\"relative -mx-px my-[-0.2rem] rounded px-px py-[0.2rem] transition-colors duration-100 ease-in-out\">Je ne suis <strong data-start=\"11\" data-end=\"45\">pas un planificateur financier<\/strong>, <strong data-start=\"47\" data-end=\"68\">pas un fiscaliste<\/strong>, <strong data-start=\"70\" data-end=\"120\">pas un conseiller en placement d\u00fbment autoris\u00e9<\/strong>. Les informations ici ne sont <strong data-start=\"151\" data-end=\"173\">pas personnalis\u00e9es<\/strong>, et ne tiennent pas compte de votre situation, seuil de tol\u00e9rance au risque, ou contraintes l\u00e9gales.<\/span><\/h6>\n<h6 data-start=\"232\" data-end=\"569\"><strong data-start=\"232\" data-end=\"276\">3. Aucun conseil = aucune responsabilit\u00e9<\/strong><br data-start=\"276\" data-end=\"279\" \/><strong data-start=\"279\" data-end=\"316\">Vous \u00eates enti\u00e8rement responsable<\/strong> de vos d\u00e9cisions financi\u00e8res. Je ne garantis <strong data-start=\"362\" data-end=\"384\">aucune performance<\/strong>, ni <strong data-start=\"389\" data-end=\"428\">aucune protection contre les pertes<\/strong>. En termes juridiques : le service est fourni <strong data-start=\"475\" data-end=\"491\">\u00ab\u00a0tel quel\u00a0\u00bb<\/strong>, sans garantie, explicite ou implicite <span class=\"\" data-state=\"closed\"><span class=\"ms-1 inline-flex max-w-full items-center relative top-[-0.094rem] animate-[show_150ms_ease-in]\"><a class=\"flex h-4.5 overflow-hidden rounded-xl px-2 text-[9px] font-medium text-token-text-secondary! bg-[#F4F4F4]! dark:bg-[#303030]! transition-colors duration-150 ease-in-out\" href=\"https:\/\/gethopp.com\/en-ca\/legal\/general-tnc-drivers\/?utm_source=chatgpt.com\" target=\"_blank\" rel=\"noopener\"><span class=\"relative start-0 bottom-0 flex h-full w-full items-center\"><span class=\"flex h-4 w-full items-center justify-between overflow-hidden\"><span class=\"max-w-full grow truncate overflow-hidden text-center\">gethopp.com<\/span><\/span><\/span><\/a><\/span><\/span>.<\/h6>\n<h6 data-start=\"571\" data-end=\"685\"><strong data-start=\"571\" data-end=\"606\">4. Limitation de responsabilit\u00e9<\/strong><br data-start=\"606\" data-end=\"609\" \/><span class=\"relative -mx-px my-[-0.2rem] rounded px-px py-[0.2rem] transition-colors duration-100 ease-in-out\">En aucun cas je ne pourrai \u00eatre tenu responsable de quelque dommage que ce soit (pertes financi\u00e8res, frais, pr\u00e9judice direct ou indirect) r\u00e9sultant de l\u2019usage ou de la confiance accord\u00e9e aux informations pr\u00e9sentes ici<\/span> .<\/h6>\n<h6 data-start=\"687\" data-end=\"941\"><strong data-start=\"687\" data-end=\"720\">5. Consultez un professionnel<\/strong><br data-start=\"720\" data-end=\"723\" \/>Si vous avez besoin de conseils adapt\u00e9s \u00e0 <strong data-start=\"765\" data-end=\"774\">votre<\/strong> situation (planification, fiscalit\u00e9, investissement, r\u00e8glementations), <strong data-start=\"846\" data-end=\"885\">consultez un professionnel qualifi\u00e9<\/strong>, tel qu\u2019un conseiller financier agr\u00e9\u00e9 ou un fiscaliste.<\/h6>\n\n\n<p><\/p>\n","protected":false},"excerpt":{"rendered":"<p>Ce site, c\u2019est un gros \u00ab fuck off \u00bb au flou financier dans lequel on nous maintient depuis qu\u2019on est jeunes. On nous apprend \u00e0 faire des CV pis \u00e0 remplir nos cartes de cr\u00e9dit sans \u00eatre capable de les rembourser, mais pas \u00e0 g\u00e9rer notre argent. \u00c7a fait que j\u2019ai d\u00e9cid\u00e9 de creuser, pis &hellip; <\/p>\n","protected":false},"author":1,"featured_media":0,"parent":0,"menu_order":0,"comment_status":"open","ping_status":"open","template":"","meta":{"footnotes":""},"class_list":["post-24","page","type-page","status-publish","hentry","grid-sizer"],"_links":{"self":[{"href":"https:\/\/www.hoplawego.com\/blog\/wp-json\/wp\/v2\/pages\/24","targetHints":{"allow":["GET"]}}],"collection":[{"href":"https:\/\/www.hoplawego.com\/blog\/wp-json\/wp\/v2\/pages"}],"about":[{"href":"https:\/\/www.hoplawego.com\/blog\/wp-json\/wp\/v2\/types\/page"}],"author":[{"embeddable":true,"href":"https:\/\/www.hoplawego.com\/blog\/wp-json\/wp\/v2\/users\/1"}],"replies":[{"embeddable":true,"href":"https:\/\/www.hoplawego.com\/blog\/wp-json\/wp\/v2\/comments?post=24"}],"version-history":[{"count":36,"href":"https:\/\/www.hoplawego.com\/blog\/wp-json\/wp\/v2\/pages\/24\/revisions"}],"predecessor-version":[{"id":1561,"href":"https:\/\/www.hoplawego.com\/blog\/wp-json\/wp\/v2\/pages\/24\/revisions\/1561"}],"wp:attachment":[{"href":"https:\/\/www.hoplawego.com\/blog\/wp-json\/wp\/v2\/media?parent=24"}],"curies":[{"name":"wp","href":"https:\/\/api.w.org\/{rel}","templated":true}]}}